{"id":8023,"date":"2021-09-03T15:49:09","date_gmt":"2021-09-03T15:49:09","guid":{"rendered":"https:\/\/export-demos.qreativethemes.com\/elementor-physio\/?page_id=8023"},"modified":"2022-08-30T21:40:44","modified_gmt":"2022-08-30T21:40:44","slug":"drenaj-limfatic","status":"publish","type":"page","link":"https:\/\/bikinetics.ro\/en\/servicii\/drenaj-limfatic\/","title":{"rendered":"Drenaj Limfatic Prin Presoterapie"},"content":{"rendered":"<div data-elementor-type=\"wp-page\" data-elementor-id=\"8023\" class=\"elementor elementor-8023\" data-elementor-settings=\"[]\">\n\t\t\t\t\t\t<div class=\"elementor-inner\">\n\t\t\t\t\t\t\t<div class=\"elementor-section-wrap\">\n\t\t\t\t\t\t\t<section class=\"elementor-section elementor-top-section elementor-element elementor-element-7f1c3b00 elementor-section-boxed elementor-section-height-default elementor-section-height-default\" data-id=\"7f1c3b00\" data-element_type=\"section\">\n\t\t\t\t\t\t<div class=\"elementor-container elementor-column-gap-default\">\n\t\t\t\t\t\t\t<div class=\"elementor-row\">\n\t\t\t\t\t<div class=\"elementor-column elementor-col-100 elementor-top-column elementor-element elementor-element-4203b1a7\" data-id=\"4203b1a7\" data-element_type=\"column\">\n\t\t\t<div class=\"elementor-column-wrap elementor-element-populated\">\n\t\t\t\t\t\t\t<div class=\"elementor-widget-wrap\">\n\t\t\t\t\t\t<div class=\"elementor-element elementor-element-40697b46 elementor-widget elementor-widget-image\" data-id=\"40697b46\" data-element_type=\"widget\" data-widget_type=\"image.default\">\n\t\t\t\t<div class=\"elementor-widget-container\">\n\t\t\t<style>\/*! elementor - v3.5.4 - 23-01-2022 *\/\n.elementor-widget-image{text-align:center}.elementor-widget-image a{display:inline-block}.elementor-widget-image a img[src$=\".svg\"]{width:48px}.elementor-widget-image img{vertical-align:middle;display:inline-block}<\/style>\t\t\t\t\t<div class=\"elementor-image\">\n\t\t\t\t\t\t\t\t\t<figure class=\"wp-caption\">\n\t\t\t\t\t\t\t\t\t\t<img decoding=\"async\" loading=\"lazy\" width=\"1024\" height=\"683\" src=\"https:\/\/bikinetics.ro\/wp-content\/uploads\/2022\/08\/DSC00894-1-1024x683.jpg\" class=\"attachment-large size-large\" alt=\"\" srcset=\"https:\/\/bikinetics.ro\/wp-content\/uploads\/2022\/08\/DSC00894-1-1024x683.jpg 1024w, https:\/\/bikinetics.ro\/wp-content\/uploads\/2022\/08\/DSC00894-1-300x200.jpg 300w, https:\/\/bikinetics.ro\/wp-content\/uploads\/2022\/08\/DSC00894-1-768x512.jpg 768w, https:\/\/bikinetics.ro\/wp-content\/uploads\/2022\/08\/DSC00894-1-1536x1025.jpg 1536w, https:\/\/bikinetics.ro\/wp-content\/uploads\/2022\/08\/DSC00894-1-360x240.jpg 360w, https:\/\/bikinetics.ro\/wp-content\/uploads\/2022\/08\/DSC00894-1-850x567.jpg 850w, https:\/\/bikinetics.ro\/wp-content\/uploads\/2022\/08\/DSC00894-1-600x400.jpg 600w, https:\/\/bikinetics.ro\/wp-content\/uploads\/2022\/08\/DSC00894-1.jpg 2048w\" sizes=\"(max-width: 1024px) 100vw, 1024px\" \/>\t\t\t\t\t\t\t\t\t\t\t<figcaption class=\"widget-image-caption wp-caption-text\"><\/figcaption>\n\t\t\t\t\t\t\t\t\t\t<\/figure>\n\t\t\t\t\t\t\t\t<\/div>\n\t\t\t\t\t\t<\/div>\n\t\t\t\t<\/div>\n\t\t\t\t\t\t<\/div>\n\t\t\t\t\t<\/div>\n\t\t<\/div>\n\t\t\t\t\t\t\t\t<\/div>\n\t\t\t\t\t<\/div>\n\t\t<\/section>\n\t\t\t\t<section class=\"elementor-section elementor-top-section elementor-element elementor-element-7202905d elementor-section-boxed elementor-section-height-default elementor-section-height-default\" data-id=\"7202905d\" data-element_type=\"section\">\n\t\t\t\t\t\t<div class=\"elementor-container elementor-column-gap-default\">\n\t\t\t\t\t\t\t<div class=\"elementor-row\">\n\t\t\t\t\t<div class=\"elementor-column elementor-col-100 elementor-top-column elementor-element elementor-element-31fdbfe9\" data-id=\"31fdbfe9\" data-element_type=\"column\">\n\t\t\t<div class=\"elementor-column-wrap elementor-element-populated\">\n\t\t\t\t\t\t\t<div class=\"elementor-widget-wrap\">\n\t\t\t\t\t\t<div class=\"elementor-element elementor-element-69d0ca76 elementor-widget elementor-widget-text-editor\" data-id=\"69d0ca76\" data-element_type=\"widget\" data-widget_type=\"text-editor.default\">\n\t\t\t\t<div class=\"elementor-widget-container\">\n\t\t\t<style>\/*! elementor - v3.5.4 - 23-01-2022 *\/\n.elementor-widget-text-editor.elementor-drop-cap-view-stacked .elementor-drop-cap{background-color:#818a91;color:#fff}.elementor-widget-text-editor.elementor-drop-cap-view-framed .elementor-drop-cap{color:#818a91;border:3px solid;background-color:transparent}.elementor-widget-text-editor:not(.elementor-drop-cap-view-default) .elementor-drop-cap{margin-top:8px}.elementor-widget-text-editor:not(.elementor-drop-cap-view-default) .elementor-drop-cap-letter{width:1em;height:1em}.elementor-widget-text-editor .elementor-drop-cap{float:left;text-align:center;line-height:1;font-size:50px}.elementor-widget-text-editor .elementor-drop-cap-letter{display:inline-block}<\/style>\t\t\t\t\t<div class=\"elementor-text-editor elementor-clearfix\">\n\t\t\t\t<div>Presoterapia este un tratament exclusiv pentru detoxifiere, care prin eficien\u021ba drenajului limfatic, ajut\u0103 la eliminarea toxinelor naturale ale corpului.<br \/><br \/><\/div><div>\u00cen timpul tratamentului de detoxifiere, \u021besutul este revitalizat \u0219i oxigenat, lucru care ajut\u0103 la sub\u021bierea \u0219i redefinirea picioarelor, abdomenului \u0219i bra\u021belor, iar pielea devine mult mai ferm\u0103.<\/div>\t\t\t\t\t<\/div>\n\t\t\t\t\t\t<\/div>\n\t\t\t\t<\/div>\n\t\t\t\t\t\t<\/div>\n\t\t\t\t\t<\/div>\n\t\t<\/div>\n\t\t\t\t\t\t\t\t<\/div>\n\t\t\t\t\t<\/div>\n\t\t<\/section>\n\t\t\t\t<section class=\"elementor-section elementor-top-section elementor-element elementor-element-2720fe7b elementor-section-boxed elementor-section-height-default elementor-section-height-default\" data-id=\"2720fe7b\" data-element_type=\"section\">\n\t\t\t\t\t\t<div class=\"elementor-container elementor-column-gap-default\">\n\t\t\t\t\t\t\t<div class=\"elementor-row\">\n\t\t\t\t\t<div class=\"elementor-column elementor-col-100 elementor-top-column elementor-element elementor-element-69da67aa\" data-id=\"69da67aa\" data-element_type=\"column\">\n\t\t\t<div class=\"elementor-column-wrap elementor-element-populated\">\n\t\t\t\t\t\t\t<div class=\"elementor-widget-wrap\">\n\t\t\t\t\t\t<div class=\"elementor-element elementor-element-6413b067 elementor-widget-divider--view-line elementor-widget elementor-widget-divider\" data-id=\"6413b067\" data-element_type=\"widget\" data-widget_type=\"divider.default\">\n\t\t\t\t<div class=\"elementor-widget-container\">\n\t\t\t<style>\/*! elementor - v3.5.4 - 23-01-2022 *\/\n.elementor-widget-divider{--divider-border-style:none;--divider-border-width:1px;--divider-color:#2c2c2c;--divider-icon-size:20px;--divider-element-spacing:10px;--divider-pattern-height:24px;--divider-pattern-size:20px;--divider-pattern-url:none;--divider-pattern-repeat:repeat-x}.elementor-widget-divider .elementor-divider{display:-webkit-box;display:-ms-flexbox;display:flex}.elementor-widget-divider .elementor-divider__text{font-size:15px;line-height:1;max-width:95%}.elementor-widget-divider .elementor-divider__element{margin:0 var(--divider-element-spacing);-ms-flex-negative:0;flex-shrink:0}.elementor-widget-divider .elementor-icon{font-size:var(--divider-icon-size)}.elementor-widget-divider .elementor-divider-separator{display:-webkit-box;display:-ms-flexbox;display:flex;margin:0;direction:ltr}.elementor-widget-divider--view-line_icon .elementor-divider-separator,.elementor-widget-divider--view-line_text .elementor-divider-separator{-webkit-box-align:center;-ms-flex-align:center;align-items:center}.elementor-widget-divider--view-line_icon .elementor-divider-separator:after,.elementor-widget-divider--view-line_icon .elementor-divider-separator:before,.elementor-widget-divider--view-line_text .elementor-divider-separator:after,.elementor-widget-divider--view-line_text .elementor-divider-separator:before{display:block;content:\"\";border-bottom:0;-webkit-box-flex:1;-ms-flex-positive:1;flex-grow:1;border-top:var(--divider-border-width) var(--divider-border-style) var(--divider-color)}.elementor-widget-divider--element-align-left .elementor-divider .elementor-divider-separator>.elementor-divider__svg:first-of-type{-webkit-box-flex:0;-ms-flex-positive:0;flex-grow:0;-ms-flex-negative:100;flex-shrink:100}.elementor-widget-divider--element-align-left .elementor-divider-separator:before{content:none}.elementor-widget-divider--element-align-left .elementor-divider__element{margin-left:0}.elementor-widget-divider--element-align-right .elementor-divider .elementor-divider-separator>.elementor-divider__svg:last-of-type{-webkit-box-flex:0;-ms-flex-positive:0;flex-grow:0;-ms-flex-negative:100;flex-shrink:100}.elementor-widget-divider--element-align-right .elementor-divider-separator:after{content:none}.elementor-widget-divider--element-align-right .elementor-divider__element{margin-right:0}.elementor-widget-divider:not(.elementor-widget-divider--view-line_text):not(.elementor-widget-divider--view-line_icon) .elementor-divider-separator{border-top:var(--divider-border-width) var(--divider-border-style) var(--divider-color)}.elementor-widget-divider--separator-type-pattern{--divider-border-style:none}.elementor-widget-divider--separator-type-pattern.elementor-widget-divider--view-line .elementor-divider-separator,.elementor-widget-divider--separator-type-pattern:not(.elementor-widget-divider--view-line) .elementor-divider-separator:after,.elementor-widget-divider--separator-type-pattern:not(.elementor-widget-divider--view-line) .elementor-divider-separator:before,.elementor-widget-divider--separator-type-pattern:not([class*=elementor-widget-divider--view]) .elementor-divider-separator{width:100%;min-height:var(--divider-pattern-height);-webkit-mask-size:var(--divider-pattern-size) 100%;mask-size:var(--divider-pattern-size) 100%;-webkit-mask-repeat:var(--divider-pattern-repeat);mask-repeat:var(--divider-pattern-repeat);background-color:var(--divider-color);-webkit-mask-image:var(--divider-pattern-url);mask-image:var(--divider-pattern-url)}.elementor-widget-divider--no-spacing{--divider-pattern-size:auto}.elementor-widget-divider--bg-round{--divider-pattern-repeat:round}.rtl .elementor-widget-divider .elementor-divider__text{direction:rtl}<\/style>\t\t<div class=\"elementor-divider\">\n\t\t\t<span class=\"elementor-divider-separator\">\n\t\t\t\t\t\t<\/span>\n\t\t<\/div>\n\t\t\t\t<\/div>\n\t\t\t\t<\/div>\n\t\t\t\t\t\t<\/div>\n\t\t\t\t\t<\/div>\n\t\t<\/div>\n\t\t\t\t\t\t\t\t<\/div>\n\t\t\t\t\t<\/div>\n\t\t<\/section>\n\t\t\t\t<section class=\"elementor-section elementor-top-section elementor-element elementor-element-176b9b28 elementor-section-boxed elementor-section-height-default elementor-section-height-default\" data-id=\"176b9b28\" data-element_type=\"section\">\n\t\t\t\t\t\t<div class=\"elementor-container elementor-column-gap-extended\">\n\t\t\t\t\t\t\t<div class=\"elementor-row\">\n\t\t\t\t\t<div class=\"elementor-column elementor-col-50 elementor-top-column elementor-element elementor-element-3a16cea6\" data-id=\"3a16cea6\" data-element_type=\"column\">\n\t\t\t<div class=\"elementor-column-wrap elementor-element-populated\">\n\t\t\t\t\t\t\t<div class=\"elementor-widget-wrap\">\n\t\t\t\t\t\t<div class=\"elementor-element elementor-element-57d2ea52 elementor-widget elementor-widget-image\" data-id=\"57d2ea52\" data-element_type=\"widget\" data-widget_type=\"image.default\">\n\t\t\t\t<div class=\"elementor-widget-container\">\n\t\t\t\t\t\t\t\t<div class=\"elementor-image\">\n\t\t\t\t\t\t\t\t\t\t\t\t<img decoding=\"async\" loading=\"lazy\" width=\"683\" height=\"1024\" src=\"https:\/\/bikinetics.ro\/wp-content\/uploads\/2022\/08\/DSC00889-683x1024.jpg\" class=\"attachment-large size-large\" alt=\"\" srcset=\"https:\/\/bikinetics.ro\/wp-content\/uploads\/2022\/08\/DSC00889-683x1024.jpg 683w, https:\/\/bikinetics.ro\/wp-content\/uploads\/2022\/08\/DSC00889-200x300.jpg 200w, https:\/\/bikinetics.ro\/wp-content\/uploads\/2022\/08\/DSC00889-768x1151.jpg 768w, https:\/\/bikinetics.ro\/wp-content\/uploads\/2022\/08\/DSC00889-1025x1536.jpg 1025w, https:\/\/bikinetics.ro\/wp-content\/uploads\/2022\/08\/DSC00889-600x900.jpg 600w, https:\/\/bikinetics.ro\/wp-content\/uploads\/2022\/08\/DSC00889.jpg 1366w\" sizes=\"(max-width: 683px) 100vw, 683px\" \/>\t\t\t\t\t\t\t\t\t\t\t\t\t\t<\/div>\n\t\t\t\t\t\t<\/div>\n\t\t\t\t<\/div>\n\t\t\t\t<div class=\"elementor-element elementor-element-5ff63115 elementor-widget elementor-widget-image\" data-id=\"5ff63115\" data-element_type=\"widget\" data-widget_type=\"image.default\">\n\t\t\t\t<div class=\"elementor-widget-container\">\n\t\t\t\t\t\t\t\t<div class=\"elementor-image\">\n\t\t\t\t\t\t\t\t\t\t\t\t<img decoding=\"async\" loading=\"lazy\" width=\"683\" height=\"1024\" src=\"https:\/\/bikinetics.ro\/wp-content\/uploads\/2022\/08\/DSC00869-683x1024.jpg\" class=\"attachment-large size-large\" alt=\"\" srcset=\"https:\/\/bikinetics.ro\/wp-content\/uploads\/2022\/08\/DSC00869-683x1024.jpg 683w, https:\/\/bikinetics.ro\/wp-content\/uploads\/2022\/08\/DSC00869-200x300.jpg 200w, https:\/\/bikinetics.ro\/wp-content\/uploads\/2022\/08\/DSC00869-768x1151.jpg 768w, https:\/\/bikinetics.ro\/wp-content\/uploads\/2022\/08\/DSC00869-1025x1536.jpg 1025w, https:\/\/bikinetics.ro\/wp-content\/uploads\/2022\/08\/DSC00869-600x900.jpg 600w, https:\/\/bikinetics.ro\/wp-content\/uploads\/2022\/08\/DSC00869.jpg 1366w\" sizes=\"(max-width: 683px) 100vw, 683px\" \/>\t\t\t\t\t\t\t\t\t\t\t\t\t\t<\/div>\n\t\t\t\t\t\t<\/div>\n\t\t\t\t<\/div>\n\t\t\t\t\t\t<\/div>\n\t\t\t\t\t<\/div>\n\t\t<\/div>\n\t\t\t\t<div class=\"elementor-column elementor-col-50 elementor-top-column elementor-element elementor-element-5b6db3c6\" data-id=\"5b6db3c6\" data-element_type=\"column\">\n\t\t\t<div class=\"elementor-column-wrap elementor-element-populated\">\n\t\t\t\t\t\t\t<div class=\"elementor-widget-wrap\">\n\t\t\t\t\t\t<div class=\"elementor-element elementor-element-6e6a5d0c elementor-widget elementor-widget-text-editor\" data-id=\"6e6a5d0c\" data-element_type=\"widget\" data-widget_type=\"text-editor.default\">\n\t\t\t\t<div class=\"elementor-widget-container\">\n\t\t\t\t\t\t\t\t<div class=\"elementor-text-editor elementor-clearfix\">\n\t\t\t\t<p><span style=\"color: #5dbbc2;\"><strong>BIO COMPRESSION <\/strong><\/span>func\u021bioneaz\u0103 pe principiul compresiei pneumatice, adic\u0103 utilizeaz\u0103 presiune \u00eenalt\u0103 ce activeaz\u0103 drenajul limfatic.<\/p><p>Masajul zonei are loc pe baza man\u0219oanelor umflate cu aer, c\u0103tre care aerul comprimat este trimis din unitatea principal\u0103 (compresor), prin sistemul de furtunuri.<\/p><p>Umplerea compartimentelor individuale ale man\u0219oanelor speciale \u00een intervale prestabilite formeaz\u0103 o presiune cu avansare lent\u0103. Se creeaz\u0103 unde de presiune bl\u00e2nde \u0219i ritmice.<\/p><p>Aerul este dat afar\u0103 la sf\u00e2r\u0219itul ciclului.<\/p><p>Presoterapia pneumatic\u0103 este perceput\u0103 de pacien\u021bi ca o metod\u0103 de tratament foarte pl\u0103cut\u0103 \u0219i eficient\u0103. \u00cen zonele tratate apare un sentiment de u\u0219urare.<\/p>\t\t\t\t\t<\/div>\n\t\t\t\t\t\t<\/div>\n\t\t\t\t<\/div>\n\t\t\t\t<div class=\"elementor-element elementor-element-e1c8dfc elementor-widget elementor-widget-text-editor\" data-id=\"e1c8dfc\" data-element_type=\"widget\" data-widget_type=\"text-editor.default\">\n\t\t\t\t<div class=\"elementor-widget-container\">\n\t\t\t\t\t\t\t\t<div class=\"elementor-text-editor elementor-clearfix\">\n\t\t\t\t<p><strong><span style=\"color: #5dbbc2;\">EMS Fara Cabluri<\/span><\/strong><\/p><p>Sistemul EMS fara cabluri ofera noi orizonturi in alegerea antrenamentelor. Combinatiile activitatilor sportive folosind Visionbody, creste eficienta in performanta fizica.<\/p><div><strong><span style=\"color: #5dbbc2;\">Beneficii<\/span><\/strong><\/div><div>\u00a0<\/div><div><ul><li>\u00eent\u0103re\u0219te sistemului imunitar\u2013 drenajul limfatic stimuleaz\u0103 ganglionii limfatici \u0219i produc\u021bia de anticorpi<\/li><li>reduce \u0219i previne reten\u021bia de lichide \u00een corp, intensific\u00e2nd circula\u021bia limfei<\/li><li>sus\u021bine eliminarea toxinelor<\/li><li>ajut\u0103 la sl\u0103bit<\/li><li>\u00eembun\u0103t\u0103\u021be\u0219te aspectul pielii, ac\u021bion\u00e2nd asupra depunerilor de gr\u0103sime \u0219i a celulitei<\/li><li>gr\u0103be\u0219te cicatrizarea r\u0103nilor<\/li><\/ul><\/div>\t\t\t\t\t<\/div>\n\t\t\t\t\t\t<\/div>\n\t\t\t\t<\/div>\n\t\t\t\t\t\t<\/div>\n\t\t\t\t\t<\/div>\n\t\t<\/div>\n\t\t\t\t\t\t\t\t<\/div>\n\t\t\t\t\t<\/div>\n\t\t<\/section>\n\t\t\t\t\t\t<\/div>\n\t\t\t\t\t\t<\/div>\n\t\t\t\t\t<\/div>","protected":false},"excerpt":{"rendered":"<p>Presoterapia este un tratament exclusiv pentru detoxifiere, care prin eficien\u021ba drenajului limfatic, ajut\u0103 la eliminarea toxinelor naturale ale corpului.<\/p>","protected":false},"author":1,"featured_media":8530,"parent":8030,"menu_order":0,"comment_status":"closed","ping_status":"closed","template":"","meta":{"_monsterinsights_skip_tracking":false,"_monsterinsights_sitenote_active":false,"_monsterinsights_sitenote_note":"","_monsterinsights_sitenote_category":0,"footnotes":""},"acf":[],"_links":{"self":[{"href":"https:\/\/bikinetics.ro\/en\/wp-json\/wp\/v2\/pages\/8023"}],"collection":[{"href":"https:\/\/bikinetics.ro\/en\/wp-json\/wp\/v2\/pages"}],"about":[{"href":"https:\/\/bikinetics.ro\/en\/wp-json\/wp\/v2\/types\/page"}],"author":[{"embeddable":true,"href":"https:\/\/bikinetics.ro\/en\/wp-json\/wp\/v2\/users\/1"}],"replies":[{"embeddable":true,"href":"https:\/\/bikinetics.ro\/en\/wp-json\/wp\/v2\/comments?post=8023"}],"version-history":[{"count":16,"href":"https:\/\/bikinetics.ro\/en\/wp-json\/wp\/v2\/pages\/8023\/revisions"}],"predecessor-version":[{"id":8565,"href":"https:\/\/bikinetics.ro\/en\/wp-json\/wp\/v2\/pages\/8023\/revisions\/8565"}],"up":[{"embeddable":true,"href":"https:\/\/bikinetics.ro\/en\/wp-json\/wp\/v2\/pages\/8030"}],"wp:featuredmedia":[{"embeddable":true,"href":"https:\/\/bikinetics.ro\/en\/wp-json\/wp\/v2\/media\/8530"}],"wp:attachment":[{"href":"https:\/\/bikinetics.ro\/en\/wp-json\/wp\/v2\/media?parent=8023"}],"curies":[{"name":"wp","href":"https:\/\/api.w.org\/{rel}","templated":true}]}}