{"id":8048,"date":"2021-09-03T16:09:52","date_gmt":"2021-09-03T16:09:52","guid":{"rendered":"https:\/\/export-demos.qreativethemes.com\/elementor-physio\/?page_id=8048"},"modified":"2022-08-30T21:39:29","modified_gmt":"2022-08-30T21:39:29","slug":"masajul","status":"publish","type":"page","link":"https:\/\/bikinetics.ro\/en\/servicii\/masajul\/","title":{"rendered":"Masajul"},"content":{"rendered":"<div data-elementor-type=\"wp-page\" data-elementor-id=\"8048\" class=\"elementor elementor-8048\" data-elementor-settings=\"[]\">\n\t\t\t\t\t\t<div class=\"elementor-inner\">\n\t\t\t\t\t\t\t<div class=\"elementor-section-wrap\">\n\t\t\t\t\t\t\t<section class=\"elementor-section elementor-top-section elementor-element elementor-element-1f75437a elementor-section-boxed elementor-section-height-default elementor-section-height-default\" data-id=\"1f75437a\" data-element_type=\"section\">\n\t\t\t\t\t\t<div class=\"elementor-container elementor-column-gap-default\">\n\t\t\t\t\t\t\t<div class=\"elementor-row\">\n\t\t\t\t\t<div class=\"elementor-column elementor-col-100 elementor-top-column elementor-element elementor-element-1e029a27\" data-id=\"1e029a27\" data-element_type=\"column\">\n\t\t\t<div class=\"elementor-column-wrap elementor-element-populated\">\n\t\t\t\t\t\t\t<div class=\"elementor-widget-wrap\">\n\t\t\t\t\t\t<div class=\"elementor-element elementor-element-5a8b8d6 elementor-widget elementor-widget-image\" data-id=\"5a8b8d6\" data-element_type=\"widget\" data-widget_type=\"image.default\">\n\t\t\t\t<div class=\"elementor-widget-container\">\n\t\t\t<style>\/*! elementor - v3.5.4 - 23-01-2022 *\/\n.elementor-widget-image{text-align:center}.elementor-widget-image a{display:inline-block}.elementor-widget-image a img[src$=\".svg\"]{width:48px}.elementor-widget-image img{vertical-align:middle;display:inline-block}<\/style>\t\t\t\t\t<div class=\"elementor-image\">\n\t\t\t\t\t\t\t\t\t<figure class=\"wp-caption\">\n\t\t\t\t\t\t\t\t\t\t<img decoding=\"async\" loading=\"lazy\" width=\"1024\" height=\"683\" src=\"https:\/\/bikinetics.ro\/wp-content\/uploads\/2022\/08\/DSC09394-1024x683.jpg\" class=\"attachment-large size-large\" alt=\"\" srcset=\"https:\/\/bikinetics.ro\/wp-content\/uploads\/2022\/08\/DSC09394-1024x683.jpg 1024w, https:\/\/bikinetics.ro\/wp-content\/uploads\/2022\/08\/DSC09394-300x200.jpg 300w, https:\/\/bikinetics.ro\/wp-content\/uploads\/2022\/08\/DSC09394-768x512.jpg 768w, https:\/\/bikinetics.ro\/wp-content\/uploads\/2022\/08\/DSC09394-1536x1025.jpg 1536w, https:\/\/bikinetics.ro\/wp-content\/uploads\/2022\/08\/DSC09394-360x240.jpg 360w, https:\/\/bikinetics.ro\/wp-content\/uploads\/2022\/08\/DSC09394-850x567.jpg 850w, https:\/\/bikinetics.ro\/wp-content\/uploads\/2022\/08\/DSC09394-600x400.jpg 600w, https:\/\/bikinetics.ro\/wp-content\/uploads\/2022\/08\/DSC09394.jpg 2048w\" sizes=\"(max-width: 1024px) 100vw, 1024px\" \/>\t\t\t\t\t\t\t\t\t\t\t<figcaption class=\"widget-image-caption wp-caption-text\"><\/figcaption>\n\t\t\t\t\t\t\t\t\t\t<\/figure>\n\t\t\t\t\t\t\t\t<\/div>\n\t\t\t\t\t\t<\/div>\n\t\t\t\t<\/div>\n\t\t\t\t\t\t<\/div>\n\t\t\t\t\t<\/div>\n\t\t<\/div>\n\t\t\t\t\t\t\t\t<\/div>\n\t\t\t\t\t<\/div>\n\t\t<\/section>\n\t\t\t\t<section class=\"elementor-section elementor-top-section elementor-element elementor-element-2567c426 elementor-section-boxed elementor-section-height-default elementor-section-height-default\" data-id=\"2567c426\" data-element_type=\"section\">\n\t\t\t\t\t\t<div class=\"elementor-container elementor-column-gap-default\">\n\t\t\t\t\t\t\t<div class=\"elementor-row\">\n\t\t\t\t\t<div class=\"elementor-column elementor-col-100 elementor-top-column elementor-element elementor-element-1daf2678\" data-id=\"1daf2678\" data-element_type=\"column\">\n\t\t\t<div class=\"elementor-column-wrap elementor-element-populated\">\n\t\t\t\t\t\t\t<div class=\"elementor-widget-wrap\">\n\t\t\t\t\t\t<div class=\"elementor-element elementor-element-36920b4b elementor-widget elementor-widget-text-editor\" data-id=\"36920b4b\" data-element_type=\"widget\" data-widget_type=\"text-editor.default\">\n\t\t\t\t<div class=\"elementor-widget-container\">\n\t\t\t<style>\/*! elementor - v3.5.4 - 23-01-2022 *\/\n.elementor-widget-text-editor.elementor-drop-cap-view-stacked .elementor-drop-cap{background-color:#818a91;color:#fff}.elementor-widget-text-editor.elementor-drop-cap-view-framed .elementor-drop-cap{color:#818a91;border:3px solid;background-color:transparent}.elementor-widget-text-editor:not(.elementor-drop-cap-view-default) .elementor-drop-cap{margin-top:8px}.elementor-widget-text-editor:not(.elementor-drop-cap-view-default) .elementor-drop-cap-letter{width:1em;height:1em}.elementor-widget-text-editor .elementor-drop-cap{float:left;text-align:center;line-height:1;font-size:50px}.elementor-widget-text-editor .elementor-drop-cap-letter{display:inline-block}<\/style>\t\t\t\t\t<div class=\"elementor-text-editor elementor-clearfix\">\n\t\t\t\t<div>Masajul de relaxare este, pe scurt, un r\u0103sf\u0103\u021b. Scopul s\u0103u principal este de a ne sc\u0103pa de stres \u0219i de a ne ajuta s\u0103 avem o stare de bine, dar, \u00een acela\u0219i timp, poate calma anumite dureri \u0219i rezolva probleme de s\u0103n\u0103tate. Este recomandat persoanelor de toate v\u00e2rstele, fie c\u0103 vorbim despre bebelu\u0219i sau b\u0103tr\u00e2ni.<\/div><div><br \/>Acesta ajut\u0103 la eliberarea de endorfine \u0219i serotonin\u0103, av\u00e2nd astfel un puternic impact la nivel psihologic. Pentru rezultate c\u00e2t mai bune, acest masaj se efectueaz\u0103 \u00eentr-o ambian\u021b\u0103 pl\u0103cut\u0103, utiliz\u00e2nd uleiuri aromate \u0219i muzic\u0103 lini\u0219titoare.<\/div>\t\t\t\t\t<\/div>\n\t\t\t\t\t\t<\/div>\n\t\t\t\t<\/div>\n\t\t\t\t\t\t<\/div>\n\t\t\t\t\t<\/div>\n\t\t<\/div>\n\t\t\t\t\t\t\t\t<\/div>\n\t\t\t\t\t<\/div>\n\t\t<\/section>\n\t\t\t\t<section class=\"elementor-section elementor-top-section elementor-element elementor-element-233165aa elementor-section-boxed elementor-section-height-default elementor-section-height-default\" data-id=\"233165aa\" data-element_type=\"section\">\n\t\t\t\t\t\t<div class=\"elementor-container elementor-column-gap-default\">\n\t\t\t\t\t\t\t<div class=\"elementor-row\">\n\t\t\t\t\t<div class=\"elementor-column elementor-col-100 elementor-top-column elementor-element elementor-element-56402afe\" data-id=\"56402afe\" data-element_type=\"column\">\n\t\t\t<div class=\"elementor-column-wrap elementor-element-populated\">\n\t\t\t\t\t\t\t<div class=\"elementor-widget-wrap\">\n\t\t\t\t\t\t<div class=\"elementor-element elementor-element-278e21db elementor-widget-divider--view-line elementor-widget elementor-widget-divider\" data-id=\"278e21db\" data-element_type=\"widget\" data-widget_type=\"divider.default\">\n\t\t\t\t<div class=\"elementor-widget-container\">\n\t\t\t<style>\/*! elementor - v3.5.4 - 23-01-2022 *\/\n.elementor-widget-divider{--divider-border-style:none;--divider-border-width:1px;--divider-color:#2c2c2c;--divider-icon-size:20px;--divider-element-spacing:10px;--divider-pattern-height:24px;--divider-pattern-size:20px;--divider-pattern-url:none;--divider-pattern-repeat:repeat-x}.elementor-widget-divider .elementor-divider{display:-webkit-box;display:-ms-flexbox;display:flex}.elementor-widget-divider .elementor-divider__text{font-size:15px;line-height:1;max-width:95%}.elementor-widget-divider .elementor-divider__element{margin:0 var(--divider-element-spacing);-ms-flex-negative:0;flex-shrink:0}.elementor-widget-divider .elementor-icon{font-size:var(--divider-icon-size)}.elementor-widget-divider .elementor-divider-separator{display:-webkit-box;display:-ms-flexbox;display:flex;margin:0;direction:ltr}.elementor-widget-divider--view-line_icon .elementor-divider-separator,.elementor-widget-divider--view-line_text .elementor-divider-separator{-webkit-box-align:center;-ms-flex-align:center;align-items:center}.elementor-widget-divider--view-line_icon .elementor-divider-separator:after,.elementor-widget-divider--view-line_icon .elementor-divider-separator:before,.elementor-widget-divider--view-line_text .elementor-divider-separator:after,.elementor-widget-divider--view-line_text .elementor-divider-separator:before{display:block;content:\"\";border-bottom:0;-webkit-box-flex:1;-ms-flex-positive:1;flex-grow:1;border-top:var(--divider-border-width) var(--divider-border-style) var(--divider-color)}.elementor-widget-divider--element-align-left .elementor-divider .elementor-divider-separator>.elementor-divider__svg:first-of-type{-webkit-box-flex:0;-ms-flex-positive:0;flex-grow:0;-ms-flex-negative:100;flex-shrink:100}.elementor-widget-divider--element-align-left .elementor-divider-separator:before{content:none}.elementor-widget-divider--element-align-left .elementor-divider__element{margin-left:0}.elementor-widget-divider--element-align-right .elementor-divider .elementor-divider-separator>.elementor-divider__svg:last-of-type{-webkit-box-flex:0;-ms-flex-positive:0;flex-grow:0;-ms-flex-negative:100;flex-shrink:100}.elementor-widget-divider--element-align-right .elementor-divider-separator:after{content:none}.elementor-widget-divider--element-align-right .elementor-divider__element{margin-right:0}.elementor-widget-divider:not(.elementor-widget-divider--view-line_text):not(.elementor-widget-divider--view-line_icon) .elementor-divider-separator{border-top:var(--divider-border-width) var(--divider-border-style) var(--divider-color)}.elementor-widget-divider--separator-type-pattern{--divider-border-style:none}.elementor-widget-divider--separator-type-pattern.elementor-widget-divider--view-line .elementor-divider-separator,.elementor-widget-divider--separator-type-pattern:not(.elementor-widget-divider--view-line) .elementor-divider-separator:after,.elementor-widget-divider--separator-type-pattern:not(.elementor-widget-divider--view-line) .elementor-divider-separator:before,.elementor-widget-divider--separator-type-pattern:not([class*=elementor-widget-divider--view]) .elementor-divider-separator{width:100%;min-height:var(--divider-pattern-height);-webkit-mask-size:var(--divider-pattern-size) 100%;mask-size:var(--divider-pattern-size) 100%;-webkit-mask-repeat:var(--divider-pattern-repeat);mask-repeat:var(--divider-pattern-repeat);background-color:var(--divider-color);-webkit-mask-image:var(--divider-pattern-url);mask-image:var(--divider-pattern-url)}.elementor-widget-divider--no-spacing{--divider-pattern-size:auto}.elementor-widget-divider--bg-round{--divider-pattern-repeat:round}.rtl .elementor-widget-divider .elementor-divider__text{direction:rtl}<\/style>\t\t<div class=\"elementor-divider\">\n\t\t\t<span class=\"elementor-divider-separator\">\n\t\t\t\t\t\t<\/span>\n\t\t<\/div>\n\t\t\t\t<\/div>\n\t\t\t\t<\/div>\n\t\t\t\t\t\t<\/div>\n\t\t\t\t\t<\/div>\n\t\t<\/div>\n\t\t\t\t\t\t\t\t<\/div>\n\t\t\t\t\t<\/div>\n\t\t<\/section>\n\t\t\t\t<section class=\"elementor-section elementor-top-section elementor-element elementor-element-7fc21f67 elementor-section-boxed elementor-section-height-default elementor-section-height-default\" data-id=\"7fc21f67\" data-element_type=\"section\">\n\t\t\t\t\t\t<div class=\"elementor-container elementor-column-gap-extended\">\n\t\t\t\t\t\t\t<div class=\"elementor-row\">\n\t\t\t\t\t<div class=\"elementor-column elementor-col-50 elementor-top-column elementor-element elementor-element-6dc978da\" data-id=\"6dc978da\" data-element_type=\"column\">\n\t\t\t<div class=\"elementor-column-wrap elementor-element-populated\">\n\t\t\t\t\t\t\t<div class=\"elementor-widget-wrap\">\n\t\t\t\t\t\t<div class=\"elementor-element elementor-element-4d1e7b54 elementor-widget elementor-widget-image\" data-id=\"4d1e7b54\" data-element_type=\"widget\" data-widget_type=\"image.default\">\n\t\t\t\t<div class=\"elementor-widget-container\">\n\t\t\t\t\t\t\t\t<div class=\"elementor-image\">\n\t\t\t\t\t\t\t\t\t\t\t\t<img decoding=\"async\" loading=\"lazy\" width=\"683\" height=\"1024\" src=\"https:\/\/bikinetics.ro\/wp-content\/uploads\/2022\/08\/DSC09396-683x1024.jpg\" class=\"attachment-large size-large\" alt=\"\" srcset=\"https:\/\/bikinetics.ro\/wp-content\/uploads\/2022\/08\/DSC09396-683x1024.jpg 683w, https:\/\/bikinetics.ro\/wp-content\/uploads\/2022\/08\/DSC09396-200x300.jpg 200w, https:\/\/bikinetics.ro\/wp-content\/uploads\/2022\/08\/DSC09396-768x1151.jpg 768w, https:\/\/bikinetics.ro\/wp-content\/uploads\/2022\/08\/DSC09396-1025x1536.jpg 1025w, https:\/\/bikinetics.ro\/wp-content\/uploads\/2022\/08\/DSC09396-600x900.jpg 600w, https:\/\/bikinetics.ro\/wp-content\/uploads\/2022\/08\/DSC09396.jpg 1366w\" sizes=\"(max-width: 683px) 100vw, 683px\" \/>\t\t\t\t\t\t\t\t\t\t\t\t\t\t<\/div>\n\t\t\t\t\t\t<\/div>\n\t\t\t\t<\/div>\n\t\t\t\t\t\t<\/div>\n\t\t\t\t\t<\/div>\n\t\t<\/div>\n\t\t\t\t<div class=\"elementor-column elementor-col-50 elementor-top-column elementor-element elementor-element-1caa2705\" data-id=\"1caa2705\" data-element_type=\"column\">\n\t\t\t<div class=\"elementor-column-wrap elementor-element-populated\">\n\t\t\t\t\t\t\t<div class=\"elementor-widget-wrap\">\n\t\t\t\t\t\t<div class=\"elementor-element elementor-element-71f141a4 elementor-widget elementor-widget-text-editor\" data-id=\"71f141a4\" data-element_type=\"widget\" data-widget_type=\"text-editor.default\">\n\t\t\t\t<div class=\"elementor-widget-container\">\n\t\t\t\t\t\t\t\t<div class=\"elementor-text-editor elementor-clearfix\">\n\t\t\t\t<p><span style=\"color: #5dbbc2;\"><strong>Primul sistem EMS ce are integrata masurarea ritmului cardiac<\/strong><\/span><\/p><p>Fara umiditate, fara cabluri, se potriveste perfect, fara a afecta raza de miscare. Acesta e viitorul antrenamentelor EMS.<\/p><p>Costumul Visionbody EMS se pliaza perfect pe corp, fiind perfect din punct de vedere igienic si din punct de vedere al libertatii de miscare.<\/p><p>Sigur, eficient si igienic.<\/p>\t\t\t\t\t<\/div>\n\t\t\t\t\t\t<\/div>\n\t\t\t\t<\/div>\n\t\t\t\t<div class=\"elementor-element elementor-element-e5f15c6 elementor-widget elementor-widget-text-editor\" data-id=\"e5f15c6\" data-element_type=\"widget\" data-widget_type=\"text-editor.default\">\n\t\t\t\t<div class=\"elementor-widget-container\">\n\t\t\t\t\t\t\t\t<div class=\"elementor-text-editor elementor-clearfix\">\n\t\t\t\t<p><strong><span style=\"color: #5dbbc2;\">Cui i se adreseaz\u0103 masajul de relaxare?<\/span><\/strong><\/p><p>Masajul de relaxare este potrivit pentru toate persoanele care vor s\u0103 se relaxeze \u0219i s\u0103 aib\u0103 parte de o stare de bine. El este indicat \u0219i pentru cei care care fac mult\u0103 mi\u0219care, care sufer\u0103 de afec\u021biuni de natur\u0103 fizic\u0103 sau persoanelor care sufer\u0103 de stres sau tulbur\u0103ri emo\u021bionale\/psihice.<br \/>Masajul de relaxare este recomandat \u0219i femeilor \u00eens\u0103rcinate. Poate avea rol terapeutic, \u00een cazul durerilor sau ale picioarelor umflate, dar \u0219i rol cosmetic, pentru c\u0103 previne vergeturile.<\/p><div><strong><span style=\"color: #5dbbc2;\">Beneficiile masajului de relaxare:<\/span><\/strong><\/div><div>\u00a0<\/div><div>\u2022 relaxeaza musculatura<br \/>\u2022 stimuleaza circulatia<br \/>\u2022 elimina stresul si oboseala<br \/>\u2022 atenueaza contracturile musculare<br \/>\u2022 mentine elasticitatea pielii<br \/>\u2022 pastreaza mobilitatea articulatiilor<br \/>\u2022 elimina insomnia<br \/>\u2022 normalizeaza activitatea creierului<br \/>\u2022 stimuleaza sistemul imunitar<\/div><div>\u00a0<\/div><div><div><strong><span style=\"color: #5dbbc2;\">Indica\u0163ii terapeutice ale masajului:<\/span><\/strong><\/div><div>\u00a0<\/div><div>Datorita efectelor sale curative asupra pacientilor, acesta poate fi recomandat in foarte multe afectiuni asa ca vom enumera mai jos doar cateva, in care masajul are un rol foarte important:<br \/>\u2022 hemiparezele, paraparezele, tetraparezele, sau parezele cauzate de traumatisme cu sectiune pe un nerv;<br \/>\u2022 lumbago acut, lombosciaticile, herniile de disc, nevralgiile sau torticolisul;<br \/>\u2022 recuperarea post-traumatica in fracturi, inainte de scoaterea aparatului gipsat (masajul regiunilor periferice pentru a nu se produce o atrofie muscular\u0103) si mai ales recuperarea dupa scoaterea aparatului gipsat;<br \/>\u2022 artroze \u2013 coxartrozele pentru recuperare post protezare de sold, gonartroza, sau recuperarea ca urmare a protezarii de genunchi, osteoporozele;<br \/>\u2022 periartrita scapulo-humerala, spondilozele (cervicala, dorsal sau lombara), scoliozele, lordozele, epicondilitele, tendinitele;<br \/>\u2022 reumatisme articulare \u015fi abarticulare, spondilitele, artropatiile, poliartrite reumatoide (poliartrita cronica evolutiva).<\/div><\/div>\t\t\t\t\t<\/div>\n\t\t\t\t\t\t<\/div>\n\t\t\t\t<\/div>\n\t\t\t\t\t\t<\/div>\n\t\t\t\t\t<\/div>\n\t\t<\/div>\n\t\t\t\t\t\t\t\t<\/div>\n\t\t\t\t\t<\/div>\n\t\t<\/section>\n\t\t\t\t\t\t<\/div>\n\t\t\t\t\t\t<\/div>\n\t\t\t\t\t<\/div>","protected":false},"excerpt":{"rendered":"<p>Masajul de relaxare este, pe scurt, un r\u0103sf\u0103\u021b. Scopul s\u0103u principal este de a ne sc\u0103pa de stres \u0219i de a ne ajuta s\u0103 avem o stare de bine, dar, \u00een acela\u0219i timp, poate calma anumite dureri \u0219i rezolva probleme de s\u0103n\u0103tate.<\/p>","protected":false},"author":1,"featured_media":8464,"parent":8030,"menu_order":0,"comment_status":"closed","ping_status":"closed","template":"","meta":{"_monsterinsights_skip_tracking":false,"_monsterinsights_sitenote_active":false,"_monsterinsights_sitenote_note":"","_monsterinsights_sitenote_category":0,"footnotes":""},"acf":[],"_links":{"self":[{"href":"https:\/\/bikinetics.ro\/en\/wp-json\/wp\/v2\/pages\/8048"}],"collection":[{"href":"https:\/\/bikinetics.ro\/en\/wp-json\/wp\/v2\/pages"}],"about":[{"href":"https:\/\/bikinetics.ro\/en\/wp-json\/wp\/v2\/types\/page"}],"author":[{"embeddable":true,"href":"https:\/\/bikinetics.ro\/en\/wp-json\/wp\/v2\/users\/1"}],"replies":[{"embeddable":true,"href":"https:\/\/bikinetics.ro\/en\/wp-json\/wp\/v2\/comments?post=8048"}],"version-history":[{"count":12,"href":"https:\/\/bikinetics.ro\/en\/wp-json\/wp\/v2\/pages\/8048\/revisions"}],"predecessor-version":[{"id":8564,"href":"https:\/\/bikinetics.ro\/en\/wp-json\/wp\/v2\/pages\/8048\/revisions\/8564"}],"up":[{"embeddable":true,"href":"https:\/\/bikinetics.ro\/en\/wp-json\/wp\/v2\/pages\/8030"}],"wp:featuredmedia":[{"embeddable":true,"href":"https:\/\/bikinetics.ro\/en\/wp-json\/wp\/v2\/media\/8464"}],"wp:attachment":[{"href":"https:\/\/bikinetics.ro\/en\/wp-json\/wp\/v2\/media?parent=8048"}],"curies":[{"name":"wp","href":"https:\/\/api.w.org\/{rel}","templated":true}]}}